{"id":159,"date":"2025-03-12T13:18:56","date_gmt":"2025-03-12T13:18:56","guid":{"rendered":"https:\/\/kronikiwedrowca.pl\/?page_id=159"},"modified":"2025-03-12T13:24:02","modified_gmt":"2025-03-12T13:24:02","slug":"niestracona-nadzieja-cz-iii","status":"publish","type":"page","link":"https:\/\/kronikiwedrowca.pl\/index.php\/kroniki-gwiazd-odleglych\/niestracona-nadzieja-cz-iii\/","title":{"rendered":"(Nie)stracona nadzieja, cz. III"},"content":{"rendered":"<p>&#8211; Alfa-1, zg\u0142o\u015bcie si\u0119. Sprawdzamy komunikacje polow\u0105. \u2013 powiedzia\u0142 komandor Andersson testuj\u0105c przy okazji nowoczesny system \u0142\u0105czno\u015bci kr\u00f3tkiego zasi\u0119gu. Na wizjerze he\u0142mu pojawi\u0142y si\u0119 raporty dotycz\u0105ce stanu \u0142\u0105czno\u015bci i jako\u015bci komunikator\u00f3w. \u2013 Harper do cholery, odezwij si\u0119. \u2013 doda\u0142 ponownie komandor.<br \/>\n&#8211; Alfa-1, zg\u0142aszam si\u0119 komandorze. Prosz\u0119 o wybaczenie, musia\u0142em dostroi\u0107 cz\u0119stotliwo\u015b\u0107 i przepustowo\u015b\u0107 kana\u0142\u00f3w komunikacyjnych. \u2013 odpowiedzia\u0142 sier\u017cant.<br \/>\n&#8211; Raport sytuacyjny Harper. \u2013 stanowczym tonem powiedzia\u0142 Andersson<br \/>\n&#8211; Strefa l\u0105dowania zabezpieczona. Brak \u015blad\u00f3w personelu i korporacji, brak zagro\u017cenia. Spr\u00f3bujemy pod\u0142\u0105czy\u0107 si\u0119 do serwer\u00f3w ekstranetowych plac\u00f3wki, pogrzeba\u0107 w systemach wewn\u0119trznych i zdoby\u0107 plany tego miejsca oraz uzyska\u0107 dost\u0119p do monitoringu. \u2013 odrzek\u0142 Harper, nakazuj\u0105c swoim dw\u00f3m ludziom zabezpieczenie perymetru i przeszukanie dok\u00f3w w celu znalezienia jakiejkolwiek konsoli dost\u0119powej.<br \/>\n&#8211; Dzi\u0119ki Harper, tak trzyma\u0107. Informuj na bie\u017c\u0105co, Andersson bez odbioru. Beta-2, co u was? \u2013 powiedzia\u0142 komandor, pr\u00f3buj\u0105c \u0142\u0105czy\u0107 si\u0119 z drug\u0105 dru\u017cyn\u0105.<br \/>\n&#8211; Kovalsky, Terrence i Novak na pozycji. Dok 21B zabezpieczony. Brak \u015blad\u00f3w personelu i korporacji. Nie napotkali\u015bmy \u017cadnego oporu, perymetr zabezpieczony. Udamy si\u0119 bezzw\u0142ocznie na wyznaczone miejsce oznaczone jako Sigma6. \u2013 odpowiedzia\u0142 sier\u017cant Kovalsky, nakazuj\u0105c Terrencowi i Novakowi zaj\u0119cie pozycji przed wrotami prowadz\u0105cymi z dok\u00f3w do wn\u0119trza plac\u00f3wki.<br \/>\n&#8211; Tak trzyma\u0107 Kovalsky. Andersson bez odbioru. Salvini, co u ciebie? \u2013 Andersson prze\u0142\u0105czy\u0142 si\u0119 na komunikator z trzecim zespo\u0142em.<br \/>\n&#8211; Gamma-3 zg\u0142asza si\u0119 komandorze. Dok 22C zabezpieczony, brak oporu. Udajemy si\u0119 na Sigma6. Bez odbioru. \u2013 odpowiedzia\u0142 Salvini bez pardonu.<br \/>\n&#8211; Przyj\u0105\u0142em. \u2013 komandor Andersson i wy\u0142\u0105czy\u0142 wizjer komunikacyjny, ustawiaj\u0105c widok na tryb bojowy. Na wy\u015bwietlaczu od razu pokaza\u0142o si\u0119 jego t\u0119tno, podstawowe informacje biometryczne oraz stan pancerza i os\u0142on energetycznych. Widzia\u0142 tak\u017ce status po\u0142\u0105czenia z ka\u017cdym z trzech zespo\u0142\u00f3w. \u2013 Smith, w\u0142\u0105cz tryb medycznego wsparcia i na bie\u017c\u0105co monitoruj stan zdrowia ch\u0142opak\u00f3w. Mordin, Saszka, karabiny szturmowe w gotowo\u015bci, tryb ognia ci\u0105g\u0142ego. Nie strzela\u0107 bez rozkazu. \u2013 rozkaza\u0142 swoim ludziom Andersson, po czym udali si\u0119 w g\u0142\u0105b stacji.<br \/>\nWszystko wydawa\u0142o si\u0119 by\u0107 sprawne. Na stacji dzia\u0142a\u0142o o\u015bwietlenie, wentylacja, systemy podtrzymywania \u017cycia, elektryka. Jedyne co zastanawia\u0142o komandora to kompletna pustka na l\u0105dowisku jednostek kosmicznych. Wszystko by\u0142o martwe, jakby nikt tutaj nigdy nie zagl\u0105da\u0142, ani tym bardziej pracowa\u0142. Ma\u0142y, czteroosobowy oddzia\u0142 ruszy\u0142 przed siebie. Przebiegli przez hal\u0119 i stan\u0119li przy panelu do drzwi automatycznych. Komandor pr\u00f3bowa\u0142 je otworzy\u0107, ale wymaga\u0142y skanu biometrycznego d\u0142oni, albo r\u0119cznego obej\u015bcia i wpisania specjalnego kodu dost\u0119pu. Standardowe rozwi\u0105zanie plac\u00f3wek Przymierza.<br \/>\n&#8211; Harper, zg\u0142o\u015b si\u0119. \u2013 wywo\u0142a\u0142 sier\u017canta Andersson<br \/>\n&#8211; Komandorze. \u2013 odezwa\u0142 si\u0119 \u017co\u0142nierz.<br \/>\n&#8211; Dok 23D, g\u0142\u00f3wne drzwi wej\u015bciowe. Otw\u00f3rz je dla nas. \u2013 rozkaza\u0142 komandor<br \/>\n&#8211; Tak jest, jedna chwila. \u2013 odpowiedzia\u0142 sier\u017cant Harper i wzi\u0105\u0142 si\u0119 do pracy. Podszed\u0142 do najbli\u017cszego panelu sterowania, delikatnie \u015bci\u0105gn\u0105\u0142 obudow\u0119 i wysun\u0105wszy z pancerza specjalne z\u0142\u0105cze, pod\u0142\u0105czy\u0142 bezpo\u015brednio w odpowiednie miejsce. W tej samej chwili na wizjerze he\u0142mu, przed oczami, ukaza\u0142y mu si\u0119 parametry techniczne, specyfikacje i najbli\u017cej po\u0142o\u017cone panele. Szybko odnalaz\u0142 dok 23D, wpisa\u0142 potrzebne kody Przymierza, ustawi\u0142 odpowiednie parametry i po kilku chwilach drzwi stan\u0119\u0142y przed komandorem otworem. \u2013 Zrobione komandorze. \u2013 powiedzia\u0142 z nieukrywan\u0105 dum\u0105 sier\u017cant.<br \/>\n&#8211; Dzi\u0119ki Harper, id\u017acie dalej. \u2013 odpar\u0142 Andersson, po czym daj\u0105c znak dru\u017cynie, ruszyli w g\u0142\u0105b stacji.<br \/>\nKiedy tylko przekroczyli pr\u00f3g drzwi, zorientowali si\u0119 \u017ce maj\u0105 przed sob\u0105 bardzo d\u0142ugi korytarz. Szybkim krokiem ruszyli przed siebie, jednak po kilkudziesi\u0119ciu metrach komandor, gestem r\u0119ki, nakaza\u0142 zatrzymanie. Czterej \u017co\u0142nierze przykl\u0119kn\u0119li przyk\u0142adaj\u0105c oczy do kolimator\u00f3w i bacznie obserwuj\u0105c przej\u015bcie przed nimi. Andersson przywo\u0142a\u0142 do siebie Smitha i pokaza\u0142 mu krwawe \u015blady na pod\u0142odze. Szybkie ogl\u0119dziny pozwoli\u0142y stwierdzi\u0107, \u017ce szkar\u0142atne \u015blady z pewno\u015bci\u0105 nale\u017ca\u0142y do cz\u0142owieka i s\u0105 wyschni\u0119te co najmniej od kilku dni. Komandor rozejrza\u0142 si\u0119 po korytarzu i uwa\u017cnie przyjrza\u0142 \u015bcianom. W niekt\u00f3rych miejscach wida\u0107 by\u0142o \u015blady po wystrzale z broni energetycznej oraz zwyk\u0142ej, konwencjonalnej.<br \/>\n&#8211; Alfa-1, Beta-2, Gamma-3 zg\u0142o\u015bcie si\u0119. \u2013 odezwa\u0142 si\u0119 komandor do komunikatora. \u2013 \u015alady ostrza\u0142u oraz krwi przy Doku 23D, strefa A1. B\u0105d\u017acie ostro\u017cni, powtarzam \u2013 \u015blady ostrza\u0142u oraz krwi w A1, Dok 23D.\u00a0 \u2013 poinformowa\u0142 komandor i odebrawszy odpowied\u017a od wszystkich swoich ludzi, ruszy\u0142 dalej w g\u0142\u0105b stacji.<br \/>\n\u017bo\u0142nierze niezw\u0142ocznie ruszyli dalej wzd\u0142u\u017c korytarza, \u015bledz\u0105c krwawe \u015blady. Kto\u015b pr\u00f3bowa\u0142 uciec, ale zosta\u0142\u2026 jakby pochwycony? Komandor nie wiedzia\u0142, czemu \u015blad urwa\u0142 si\u0119 akurat w tym miejscu oraz dlaczego by\u0142o tu tyle \u015blad\u00f3w walki. Po kilkunastu minutach doszli do kolejnych drzwi, kt\u00f3re w przeciwie\u0144stwie do swoich zamkni\u0119tych poprzedniczek, le\u017ca\u0142y roztrzaskane na pod\u0142odze. Osmolone \u015bciany wskazywa\u0142y na intensywny i solidny wybuch. Kiedy dru\u017cyna komandora przesz\u0142a przez roztrzaskane grodzie, ich oczom ukaza\u0142a si\u0119 du\u017ca sala, z kt\u00f3rej wychodzi\u0142o kilka korytarzy w r\u00f3\u017cnych kierunkach. Prawdopodobnie by\u0142o to jakie\u015b pomieszczenie techniczne, \u0142\u0105cz\u0105ce przylegaj\u0105ce do siebie l\u0105dowiska. Wsz\u0119dzie wala\u0142y si\u0119 jakie\u015b skrzynie, beczki, kontenery, w\u00f3zki si\u0142owe do przewozu ci\u0119\u017ckich \u0142adunk\u00f3w, pop\u0119kane szyny i tory transportowe. Wszystko to okryte by\u0142o jeszcze grub\u0105 warstw\u0105 szk\u0142a, tworzyw sztucznych i przewod\u00f3w energetycznych. Uwag\u0119 komandora przyku\u0142o jednak zgo\u0142a co\u015b innego &#8211; trzy kompletnie zw\u0119glone cia\u0142a. Andersson zatrzyma\u0142 swoich ludzi i przyjrza\u0142 si\u0119 zw\u0142okom. Wygl\u0105da\u0142y na ludzkie, jednak stopie\u0144 ich zniszczenia uniemo\u017cliwia\u0142 obserwacje i wysnucie jakich\u015b sensownych wniosk\u00f3w. Co ciekawe, krwawe \u015blady ci\u0105gn\u0119\u0142y si\u0119 dalej i nie nale\u017ca\u0142y do le\u017c\u0105cych tutaj delikwent\u00f3w. Komandor ponownie zebra\u0142 swoich ludzi i ruszy\u0142 dalej za czerwonymi \u015bladami. Prowadzi\u0142y one przez \u015brodek pomieszczenia i znika\u0142y gdzie\u015b na drugim ko\u0144cu, za kolejnymi drzwiami. Cholera, Sigma6 jest niedaleko, ale musz\u0119 to sprawdzi\u0107. Andersson nerwowo zerkn\u0105\u0142 w wizjerze na czas operacyjny. Nie mia\u0142 wiele czasu, ale postanowi\u0142 sprawdzi\u0107 ten trop. Pomoc by\u0142a celem drugorz\u0119dnym, ale chyba nikt nie spodziewa\u0142 si\u0119 tutaj takiej krwawej \u0142a\u017ani. Dru\u017cyna ruszy\u0142a dalej, wzd\u0142u\u017c krwawych \u015blad\u00f3w, i uwa\u017cnie obserwowa\u0142a sal\u0119 prze\u0142adunkow\u0105. Po nied\u0142ugiej chwili doszli do drzwi, kt\u00f3re tak\u017ce by\u0142y otwarte, a przynajmniej tak sugerowa\u0142, mieni\u0105cy si\u0119 zielonym \u015bwiat\u0142em, panel steruj\u0105cy.<br \/>\n&#8211; Nakamura, Esteban. Wchodzicie na trzy. Ja i Smith jeste\u015bmy tu\u017c za wami. \u2013 wyda\u0142 rozkaz komandor i otworzy\u0142 drzwi, dotykaj\u0105c panel w odpowiednim miejscu. Ciche sykni\u0119cie i drzwi stan\u0119\u0142y otworem. Dw\u00f3ch \u017co\u0142nierzy energicznie wskoczy\u0142o do \u015brodka, ale absolutnie nic nie by\u0142o w stanie przygotowa\u0107 ich na to, co zobaczyli w \u015brodku.<\/p>\n","protected":false},"excerpt":{"rendered":"<p>&#8211; Alfa-1, zg\u0142o\u015bcie si\u0119. Sprawdzamy komunikacje polow\u0105. \u2013 powiedzia\u0142 komandor Andersson testuj\u0105c przy okazji nowoczesny system \u0142\u0105czno\u015bci kr\u00f3tkiego zasi\u0119gu. Na [&hellip;]<\/p>\n","protected":false},"author":1,"featured_media":0,"parent":80,"menu_order":6,"comment_status":"open","ping_status":"closed","template":"","meta":{"footnotes":""},"class_list":["post-159","page","type-page","status-publish","hentry"],"_links":{"self":[{"href":"https:\/\/kronikiwedrowca.pl\/index.php\/wp-json\/wp\/v2\/pages\/159","targetHints":{"allow":["GET"]}}],"collection":[{"href":"https:\/\/kronikiwedrowca.pl\/index.php\/wp-json\/wp\/v2\/pages"}],"about":[{"href":"https:\/\/kronikiwedrowca.pl\/index.php\/wp-json\/wp\/v2\/types\/page"}],"author":[{"embeddable":true,"href":"https:\/\/kronikiwedrowca.pl\/index.php\/wp-json\/wp\/v2\/users\/1"}],"replies":[{"embeddable":true,"href":"https:\/\/kronikiwedrowca.pl\/index.php\/wp-json\/wp\/v2\/comments?post=159"}],"version-history":[{"count":1,"href":"https:\/\/kronikiwedrowca.pl\/index.php\/wp-json\/wp\/v2\/pages\/159\/revisions"}],"predecessor-version":[{"id":160,"href":"https:\/\/kronikiwedrowca.pl\/index.php\/wp-json\/wp\/v2\/pages\/159\/revisions\/160"}],"up":[{"embeddable":true,"href":"https:\/\/kronikiwedrowca.pl\/index.php\/wp-json\/wp\/v2\/pages\/80"}],"wp:attachment":[{"href":"https:\/\/kronikiwedrowca.pl\/index.php\/wp-json\/wp\/v2\/media?parent=159"}],"curies":[{"name":"wp","href":"https:\/\/api.w.org\/{rel}","templated":true}]}}