{"id":157,"date":"2025-03-12T13:17:38","date_gmt":"2025-03-12T13:17:38","guid":{"rendered":"https:\/\/kronikiwedrowca.pl\/?page_id=157"},"modified":"2025-03-12T13:23:54","modified_gmt":"2025-03-12T13:23:54","slug":"niestracona-nadzieja-cz-ii","status":"publish","type":"page","link":"https:\/\/kronikiwedrowca.pl\/index.php\/kroniki-gwiazd-odleglych\/niestracona-nadzieja-cz-ii\/","title":{"rendered":"(Nie)stracona nadzieja, cz. II"},"content":{"rendered":"<p>&#8211; Cholery mo\u017cna dosta\u0107 z tymi idiotami. \u2013 Wrzasn\u0105\u0142 Andersson, rzucaj\u0105c teczki i stosy papier\u00f3w na swoje biurko. Nerwowo kr\u0119ci\u0142 si\u0119 po kajucie z r\u0119koma z\u0142o\u017conymi na g\u0142owie, co chwila spogl\u0105daj\u0105c na swoich zaufanych oficer\u00f3w. \u2013 Jak ja mam spokojnie planowa\u0107 misj\u0119 tego kalibru, kiedy mot\u0142och kr\u0119ci mi si\u0119 po okr\u0119cie i zagl\u0105da w ka\u017cdy k\u0105t. Co to? Jakie\u015b cholerne reality show? \u2013 Powiedzia\u0142 komandor, przypominaj\u0105c sobie jak we w\u015bciek\u0142o\u015bci wrzuci\u0142 do zsypu kamer\u0119 satelitarn\u0105 jednego z asystent\u00f3w ksenobiolog\u00f3w. Ewidentnie nie spodoba\u0142 mu si\u0119 fakt nagrywania czegokolwiek przez kogokolwiek. Nic w tym dziwnego. Sam statek by\u0142 przecie\u017c przeznaczony do misji specjalnych, a jego za\u0142og\u0119 stanowi\u0142 starannie wyselekcjonowany personel. Oficerowie spokojnie czekali i s\u0142uchali. Doskonale rozumieli komandora, z reszta nie ma co si\u0119 im dziwi\u0107. To zadanie od pocz\u0105tku by\u0142o jakie\u015b takie\u2026 nie takie.<br \/>\n&#8211; Harper. \u2013 zatrzyma\u0142 si\u0119 Andersson i spojrza\u0142 na swojego oficera technicznego. \u2013 Id\u017a do Jonesa i skalibruj energi\u0119 okr\u0119tu tak, aby ca\u0142\u0105 moc skierowa\u0107 na systemy maskuj\u0105ce i os\u0142ony. Podej\u015bcie ma by\u0107 ciche i sprawne. Zeskanuj ca\u0142\u0105 powierzchni\u0119 plac\u00f3wki i wrzu\u0107 na map\u0119. Wykona\u0107. \u2013 rozkaza\u0142 Andersson.<br \/>\n&#8211; Tak jest komandorze! \u2013 zasalutowa\u0142 Harper, i odwr\u00f3ciwszy si\u0119 na pi\u0119cie ruszy\u0142 w kierunku wyj\u015bcia. Drzwi zamkn\u0119\u0142y si\u0119 za nim z cichym sykni\u0119ciem.<br \/>\n&#8211; Kovalsky, Smith. \u2013 zwr\u00f3ci\u0142 si\u0119 do kolejnych oficer\u00f3w. \u2013 Ka\u017ccie ch\u0142opakom si\u0119 przygotowa\u0107 i by\u0107 w gotowo\u015bci bojowej. Ka\u017cdy ma by\u0107 gotowy do akcji i w pe\u0142ni sprawny. Smith, podaj ch\u0142opakom stymulanty i sprawd\u017a integralno\u015b\u0107 wszczep\u00f3w. Tylko nie przesadzaj, narz\u0105dy w ko\u0144cu odm\u00f3wi\u0105 pos\u0142usze\u0144stwa. \u2013 wyda\u0142 polecenie komandor.<br \/>\n&#8211; Oczywi\u015bcie, szefie! \u2013 odpowiedzieli r\u00f3wnocze\u015bnie Kovalsky i Smith, salutuj\u0105c i wychodz\u0105c z jego kajuty.<br \/>\n&#8211; Salvini. \u2013 Andersson zatrzyma\u0142 si\u0119 przy swoim zaufanym saperze i specu od sytuacji beznadziejnych. \u2013 Ty wiesz co masz zrobi\u0107. Sprawd\u017a mi to ustrojstwo, nasz \u201eplan B\u201d. Wszystko ma dzia\u0142a\u0107 i by\u0107 dopi\u0119te na ostatni guzik. Nie mo\u017ce zawie\u015b\u0107. \u2013 powiedzia\u0142 komandor Thomas, patrz\u0105c Salviniemu prosto w oczy.<br \/>\n&#8211; Nie martw si\u0119 komandorze, dopilnuje aby wszystko by\u0142o jak nale\u017cy. \u2013 odrzek\u0142 Salvini, salutuj\u0105c i u\u015bmiechaj\u0105c si\u0119 od ucha do ucha. \u2013 Jakby co\u015b posz\u0142o nie tak, to zrobimy fajerwerki. \u2013 za\u015bmia\u0142 si\u0119 i wyszed\u0142 z kajuty.<br \/>\nKomandor Andersson odprowadzi\u0142 go wzrokiem, po czym ci\u0119\u017cko usiad\u0142 na krze\u015ble. W swoim \u017cyciu wykona\u0142 wiele trudnych i beznadziejnych zada\u0144, ale to by\u0142o jakie\u015b takie\u2026 inne. Niewiele wiedzia\u0142, niewiele by\u0142o tak\u017ce do sprawdzenia. Przejrza\u0142 wiele baz danych Extranetu, ale wszystko co dotyczy\u0142o tej plac\u00f3wki zas\u0142oni\u0119te by\u0142o klauzul\u0105 tajno\u015bci. Pomimo i\u017c mia\u0142 wysokie dost\u0119py, jako oficer i komandor wojsk Przymierza Narod\u00f3w Zjednoczonych, nie by\u0142 w stanie pobra\u0107 \u017cadnych dodatkowych danych. Thomas czu\u0142 w\u015bciek\u0142o\u015b\u0107, ale tak\u017ce obezw\u0142adniaj\u0105c\u0105 bezradno\u015b\u0107. Jak mia\u0142 zapewni\u0107 swoim ludziom bezpiecze\u0144stwo i bezb\u0142\u0119dnie wykona\u0107 powierzone mu zadanie? Te i inne my\u015bli zaprz\u0105ta\u0142y mu g\u0142ow\u0119 przez d\u0142u\u017cszy czas, do momentu a\u017c postanowi\u0142 wzi\u0105\u0107 prysznic. \u015aci\u0105gaj\u0105c g\u00f3rn\u0105 cze\u015b\u0107 munduru, przypomnia\u0142 sobie o bransoletce, kt\u00f3ra dosta\u0142 od swojej c\u00f3rki Susan. Wyci\u0105gn\u0105\u0142 j\u0105 i obejrza\u0142 z ka\u017cdej strony. Moja ma\u0142a Susan. Moja czerwono-w\u0142osa pi\u0119kno\u015b\u0107 pomy\u015bla\u0142 i schowa\u0142 z powrotem. Zrobi\u0119 to dla ciebie.<br \/>\nZrezygnowany przejrza\u0142 raz jeszcze dokumentacj\u0119 i uda\u0142 si\u0119 pod natrysk. Letnia, ciurkaj\u0105ca woda da\u0142a komandorowi chwil\u0119 wytchnienia. Od\u015bwie\u017cywszy si\u0119, ubra\u0142 ponownie mundur i uda\u0142 si\u0119 do swojego nawigatora, porucznika Erckhardta. Min\u0105\u0142 na korytarzu kilku salutuj\u0105cych mu \u017co\u0142nierzy, grup\u0119 naukowc\u00f3w Przymierza oraz jakich\u015b spec\u00f3w od robotyki i android\u00f3w. Gdy dotar\u0142 na mostek kapita\u0144ski, poczu\u0142 ulg\u0119. By\u0142 otoczony jedynie swoimi lud\u017ami, wi\u0119c czu\u0142 si\u0119 jak ryba w wodzie. Podszed\u0142 do kilku in\u017cynier\u00f3w, nawigator\u00f3w, zamieni\u0142 kilka s\u0142\u00f3w, przejrza\u0142 raporty, po czym uda\u0142 si\u0119 Erckhardta. Ten jak zwykle sta\u0142 przy mapie gwiezdnej i skrupulatnie analizowa\u0142 trajektori\u0119 i tor lotu SSV Liberty.<br \/>\n&#8211; Witaj Erckhardzie, co nowego? \u2013 zapyta\u0142 komandor, podchodz\u0105c i przygl\u0105daj\u0105c si\u0119 holograficznej mapie wy\u015bwietlonej na poka\u017anych rozmiar\u00f3w platformie.<br \/>\n&#8211; Komandorze \u2013 odpowiedzia\u0142 porucznik, salutuj\u0105c i odrywaj\u0105c si\u0119 od mapy oraz swoich my\u015bli. \u2013 My\u015bl\u0119, \u017ce czeka nas kilka, mo\u017ce kilkana\u015bcie godzin lotu. Kiedy s\u0142u\u017cy\u0142em w marsja\u0144skim wojsku, lata\u0142em t\u0119dy wiele razy. Eskortowali\u015bmy statki handlowe, g\u00f3rnik\u00f3w, polowali\u015bmy na pirat\u00f3w. Z tego co kojarz\u0119, to mijali\u015bmy t\u0119 stacj\u0119 badawcz\u0105. \u2013 opowiedzia\u0142 Erckhardt, a na jego twarzy zago\u015bci\u0142o co\u015b w rodzaju inspiracji i podniecenia.<br \/>\n&#8211; Marsja\u0144skie wojsko\u2026 zawsze ciekawi\u0142 mnie ten wpis w twoich aktach. \u2013 odrzek\u0142 komandor z nieukrywan\u0105 ciekawo\u015bci\u0105. \u2013 Nie mniej, czy wiesz co\u015b, co mo\u017ce nam pom\u00f3c? \u2013 zapyta\u0142 Andersson, spogl\u0105daj\u0105c na map\u0119 i holograficzny skan plac\u00f3wki.<br \/>\n&#8211; Nie za bardzo komandorze. Wiem tylko gdzie znajduj\u0105 si\u0119 hangary i l\u0105dowisko, kt\u00f3re mogliby\u015bmy wykorzysta\u0107. Da\u0142em wsp\u00f3\u0142rz\u0119dne Jamesowi. Powiedzia\u0142, \u017ce spr\u00f3buje wprowadzi\u0107 nas niezauwa\u017cenie. Dalej nie wiemy jednak czy bariery kinetyczne albo inne zabezpieczenia s\u0105 w pe\u0142ni funkcjonalne. \u2013 zmartwi\u0142 si\u0119 Erckhardt, a pomarszczone czo\u0142o wskazywa\u0142o na to, \u017ce intensywnie my\u015bli o ca\u0142ej tej akcji i analizuje wiele zmiennych. \u2013 Nie wiemy co sta\u0142o si\u0119 z ekipami ratunkowymi ani co zosta\u0142o aktywowane na tej stacji. To jest jedna, wielka niewiadoma. \u2013 doda\u0142 po chwili.<br \/>\n&#8211; Nie dowiemy si\u0119 tego, dop\u00f3ki tam nie polecimy. Erckhardt, monitoruj tras\u0119 i informuj mnie na bie\u017c\u0105co. Moja dru\u017cyna b\u0119dzie w gotowo\u015bci i ruszymy, kiedy tylko stacja znajdzie si\u0119 w zasi\u0119gu naszych czujnik\u00f3w i sensor\u00f3w. &#8211; odpowiedzia\u0142 komandor, patrz\u0105c ju\u017c nie na map\u0119, ale na nieprzebyt\u0105, czarn\u0105 przestrze\u0144 uk\u0142adu s\u0142onecznego otaczaj\u0105c\u0105 ich statek, wy\u015bwietlaj\u0105c\u0105 si\u0119 na specjalnych ekranach wizyjnych. Gdzie\u015b w tej nieprzeniknionej ciemno\u015bci znajdowa\u0142 si\u0119 ich cel &#8211; wojskowa plac\u00f3wka badawcza Przymierza Narod\u00f3w Zjednoczonych. Ta cholerna stacja, o kt\u00f3rej nikt nie chcia\u0142 nic powiedzie\u0107.<\/p>\n<p>***<\/p>\n<p>Komandor proszony na mostek! Komandor Andersson proszony na mostek! \u00ac\u2013 m\u00f3wi\u0142 g\u0142os nawigatora Erckhardta, wydobywaj\u0105cy si\u0119 z trzeszcz\u0105cego interkomu pok\u0142adowego zawieszonego w kapita\u0144skiej kajucie. Thomas wsta\u0142 z \u0142\u00f3\u017cka i od\u0142o\u017cy\u0142 na biurko cyfrowy czytnik danych. Podszed\u0142 do drzwi, a te natychmiast otworzy\u0142y si\u0119 z cichym sykni\u0119ciem. Uda\u0142 si\u0119 d\u0142ugim korytarzem, na ko\u0144cu kt\u00f3rego otworzy\u0142o si\u0119 kolejne przej\u015bcie. Znalaz\u0142 si\u0119 w sali, kt\u00f3ra by\u0142a mes\u0105 dla personelu statku SSV Liberty. Na mostek wje\u017cd\u017ca\u0142o si\u0119 wind\u0105, jednak komandor Andersson uda\u0142 si\u0119 najpierw do sali treningowej i si\u0142owni przeznaczonej dla \u017co\u0142nierzy. Kiedy tam wszed\u0142, ujrza\u0142 swoich ludzi \u0107wicz\u0105cych na przyrz\u0105dach i wyt\u0119\u017caj\u0105cych swoje mi\u0119\u015bnie do granic mo\u017cliwo\u015bci. Kiedy tylko zorientowali si\u0119, \u017ce na si\u0142owni\u0119 wszed\u0142 komandor, wszyscy jak jeden m\u0105\u017c ustawili si\u0119 w szeregu na baczno\u015b\u0107.<br \/>\n&#8211; Spocznijcie Panowie. \u2013 powiedzia\u0142 kapitan, staj\u0105c naprzeciwko nim. \u2013 Powoli zbli\u017camy si\u0119 do naszego celu. Sprawd\u017acie bro\u0144, sprz\u0119t, wszczepy oraz wasze pancerze. Wszystko ma by\u0107 sprawne i przygotowane. Pozosta\u0144cie w gotowo\u015bci bojowej. \u2013 rozkaza\u0142 Andersson<br \/>\n&#8211; Tak jest komandorze! \u2013 odpowiedzialni \u017co\u0142nierze.<br \/>\n&#8211; Czekajcie na rozkaz na dolnym pok\u0142adzie, tu\u017c przy wahad\u0142owcu transportowym. Przyjd\u0119 do was, gdy b\u0119dziemy gotowi do zrzutu. Odmaszerowa\u0107. \u2013 powiedzia\u0142 komandor.<br \/>\n&#8211; Tak jest! \u2013 odpowiedzieli \u017co\u0142nierze, a oficerowie pokierowali swoje oddzia\u0142y do magazynu zbrojeniowego.<br \/>\nKomandor Andersson wyszed\u0142 z sali i uda\u0142 si\u0119 prosto na mostek kapita\u0144ski. Kiedy tylko otworzy\u0142y si\u0119 drzwi, podbieg\u0142 do niego nawigator Erckhardt.<br \/>\n&#8211; Komandorze, jest pewna sprawa. Wydaje mi si\u0119, \u017ce misja w\u0142a\u015bnie si\u0119 skomplikowa\u0142a \u2013 powiedzia\u0142 roztrz\u0119sionym nieco g\u0142osem nawigator.<br \/>\n&#8211; Co si\u0119 dzieje Erckhardt? Asteroidy postanowi\u0142y pomacha\u0107 przez nasze okienka? \u2013 odpowiedzia\u0142 Andersson, u\u015bmiechaj\u0105c si\u0119 i puszczaj\u0105c nawigatorowi przys\u0142owiowe oczko.<br \/>\n&#8211; Gorzej komandorze. Nasze skanery wykry\u0142y niezamaskowane obiekty, najprawdopodobniej inne jednostki kosmiczne. \u2013 powiedzia\u0142 Erckhardt, ale w jego g\u0142osie nie by\u0142o s\u0142ycha\u0107 ani krzty spokoju.<br \/>\n&#8211; Nic dziwnego, dow\u00f3dztwo wysy\u0142a\u0142o przed nami inne jednostki ratunkowe. \u2013 odpowiedzia\u0142 komandor, staj\u0105c z nogi na nog\u0119 i zauwa\u017calnie si\u0119 niecierpliwi\u0105c.<br \/>\n&#8211; Komandor pozwoli, poka\u017c\u0119 co\u015b. \u2013 odrzek\u0142 nawigator, po czym udali si\u0119 do jednego ze stanowisk, przy kt\u00f3rym pe\u0142no by\u0142o monitor\u00f3w, ukazuj\u0105cych r\u00f3\u017cne parametry, obrazy i dane. \u2013 Prosz\u0119 spojrze\u0107 tutaj.\u2013 Erckhardt wskaza\u0142 palcem jeden z ekran\u00f3w, gdzie zauwa\u017cy\u0107 mo\u017cna by\u0142o dane zeskanowanych obiekt\u00f3w. Andersson ju\u017c chcia\u0142 machn\u0105\u0107 r\u0119k\u0105, ale kiedy wczyta\u0142 si\u0119 w informacje zawarte w raporcie, poblad\u0142 i mimowolnie zacisn\u0105\u0142 pi\u0119\u015bci.<br \/>\n&#8211; Co\u2026 co to ma znaczy\u0107? Jak to mo\u017cliwe? \u2013 powiedzia\u0142 Andersson, a jego twarz okry\u0142 cie\u0144 wzburzenia. \u2013 Czy dow\u00f3dztwo zosta\u0142o poinformowane? \u2013 komandor niemal krzykn\u0105\u0142 w kierunku swojego nawigatora, a ten omal nie przewr\u00f3ci\u0142 si\u0119, zaskoczony zmian\u0105 nastawienia dow\u00f3dcy.<br \/>\n&#8211; Tak komandorze, tak. Wys\u0142ali\u015bmy raport rz\u0105dowym \u0142\u0105czem ekstranetu. Priorytet pilny. Kod Alfa 456. \u2013 odpowiedzia\u0142 Erckhardt, prze\u0142ykaj\u0105c g\u0142o\u015bno \u015blin\u0119 i kurczowo \u015bciskaj\u0105c sw\u00f3j cyfrowy czytnik.<br \/>\nAndersson spojrza\u0142 raz jeszcze na ekran monitora, po czym szybkim krokiem podszed\u0142 do pilota swojej Liberty &#8211; Jamesa Scotta. Potocznie zwanego Asem.<br \/>\n&#8211;\u00a0 \u00a0As, natychmiast w\u0142\u0105cz systemy maskuj\u0105ce, przekierowuj\u0105c dodatkow\u0105 moc z silnik\u00f3w i dzia\u0142 Liberty. Dryf cichy, \u017cadnych gwa\u0142townych manewr\u00f3w, zarz\u0105dzi\u0107 cisz\u0119 na pok\u0142adzie. Mamy podlecie\u0107 cichute\u0144ko i niezauwa\u017ceni przez nikogo. \u2013 rozkaza\u0142 Thomas, spogl\u0105daj\u0105c na wielki cyfrowy ekran, przez kt\u00f3ry rozpo\u015bciera\u0142 si\u0119 przepi\u0119kny widok na kosmos i stacj\u0119 badawcz\u0105 Przymierza. To co zwr\u00f3ci\u0142o jego najwi\u0119ksz\u0105 uwag\u0119, to dwa statki zakotwiczone przy plac\u00f3wce. Co najgorsze jednak, to fakt, \u017ce nale\u017ca\u0142y one do dw\u00f3ch prywatnych korporacji: Exo-Tech i XenoGenetic. To nie mog\u0142o wr\u00f3\u017cy\u0107 nic dobrego.<br \/>\n&#8211; Komandorze, je\u017celi mog\u0119 co\u015b powiedzie\u0107 \u2013 powiedzia\u0142 Erckhardt, staj\u0105c ko\u0142o Anderssona i wpatruj\u0105c si\u0119 w widok wy\u015bwietlony na wielkim ekranie. \u2013 Statek Exo-Tech i XenoGenetic zakotwiczony zosta\u0142 pomimo sprzeciwu plac\u00f3wki, nie reaguj\u0105c na ostrze\u017cenia s\u0142u\u017cb bezpiecze\u0144stwa. Statkom uda\u0142o si\u0119 dobi\u0107 do plac\u00f3wki i najprawdopodobniej dosta\u0107 do \u015brodka. Przechwycili\u015bmy dane ostatniego raportu przes\u0142anego extranetem do Przymierza. Uwzgl\u0119dniaj\u0105c czas z jakim dosz\u0142y one na ziemi\u0119, jest bardzo prawdopodobne \u017ce min\u0119\u0142o dobrych kilka tygodni. \u2013 przedstawi\u0142 raport sytuacyjny Erckhardt, przekazuj\u0105c komandorowi czytnik z danymi.<br \/>\n&#8211; Dzi\u0119kuj\u0119 Erckhardt. Id\u0119 do swoich ludzi, do tego czasu przejmujesz dowodzenie nad Liberty. Zachowamy te\u017c cisz\u0119 radiow\u0105, b\u0119d\u0119 porozumiewa\u0107 si\u0119 z dru\u017cyn\u0105 wy\u0142\u0105cznie poprzez wbudowane w he\u0142my komunikatory kr\u00f3tkiego zasi\u0119gu. Je\u017celi nie damy znaku \u017cycia w ci\u0105gu dw\u00f3ch godzin, macie odlatywa\u0107. \u2013 odpowiedzia\u0142 zdawkowo, wr\u0119czaj\u0105c zaskoczonemu nawigatorowi czytnik i klepi\u0105c go po ramieniu. \u2013 As, podprowad\u017a nas najbli\u017cej jak si\u0119. Ja udam si\u0119 ju\u017c do moich ludzi. \u2013 odrzek\u0142 na koniec i uda\u0142 si\u0119 do magazynu zbrojeniowego, aby przygotowa\u0107 si\u0119 do akcji.<\/p>\n","protected":false},"excerpt":{"rendered":"<p>&#8211; Cholery mo\u017cna dosta\u0107 z tymi idiotami. \u2013 Wrzasn\u0105\u0142 Andersson, rzucaj\u0105c teczki i stosy papier\u00f3w na swoje biurko. Nerwowo kr\u0119ci\u0142 [&hellip;]<\/p>\n","protected":false},"author":1,"featured_media":0,"parent":80,"menu_order":5,"comment_status":"open","ping_status":"closed","template":"","meta":{"footnotes":""},"class_list":["post-157","page","type-page","status-publish","hentry"],"_links":{"self":[{"href":"https:\/\/kronikiwedrowca.pl\/index.php\/wp-json\/wp\/v2\/pages\/157","targetHints":{"allow":["GET"]}}],"collection":[{"href":"https:\/\/kronikiwedrowca.pl\/index.php\/wp-json\/wp\/v2\/pages"}],"about":[{"href":"https:\/\/kronikiwedrowca.pl\/index.php\/wp-json\/wp\/v2\/types\/page"}],"author":[{"embeddable":true,"href":"https:\/\/kronikiwedrowca.pl\/index.php\/wp-json\/wp\/v2\/users\/1"}],"replies":[{"embeddable":true,"href":"https:\/\/kronikiwedrowca.pl\/index.php\/wp-json\/wp\/v2\/comments?post=157"}],"version-history":[{"count":1,"href":"https:\/\/kronikiwedrowca.pl\/index.php\/wp-json\/wp\/v2\/pages\/157\/revisions"}],"predecessor-version":[{"id":158,"href":"https:\/\/kronikiwedrowca.pl\/index.php\/wp-json\/wp\/v2\/pages\/157\/revisions\/158"}],"up":[{"embeddable":true,"href":"https:\/\/kronikiwedrowca.pl\/index.php\/wp-json\/wp\/v2\/pages\/80"}],"wp:attachment":[{"href":"https:\/\/kronikiwedrowca.pl\/index.php\/wp-json\/wp\/v2\/media?parent=157"}],"curies":[{"name":"wp","href":"https:\/\/api.w.org\/{rel}","templated":true}]}}