{"id":132,"date":"2025-03-07T10:29:31","date_gmt":"2025-03-07T10:29:31","guid":{"rendered":"https:\/\/kronikiwedrowca.pl\/?page_id=132"},"modified":"2025-03-07T10:31:39","modified_gmt":"2025-03-07T10:31:39","slug":"listy-cz-ii","status":"publish","type":"page","link":"https:\/\/kronikiwedrowca.pl\/index.php\/kroniki-nowego-swiata\/listy-cz-ii\/","title":{"rendered":"Listy, cz. II"},"content":{"rendered":"\n<h2 class=\"wp-block-heading\"><em>Do mojego przyjaciela Ludwiga von Ludendorff, kapitana Gwardii Cesarskiej.<\/em><\/h2>\n\n\n<p>Drogi Przyjacielu,<\/p>\n<p><br \/>\u00a0 Chwa\u0142a niech b\u0119dzie Najwy\u017cszemu, a tak\u017ce i naszemu mi\u0142o\u015bciwemu Cesarzowi! Z bosk\u0105 pomoc\u0105, wielce uradowany jestem, gdy\u017c pojma\u0107 jednego z tych dzikus\u00f3w uda\u0142o si\u0119. Pe\u0142en dumy i rado\u015bci spiesz\u0119 pisa\u0107 do Ciebie t\u0119 wiadomo\u015b\u0107, poniewa\u017c klimat nieust\u0119pliwy i zajad\u0142o\u015b\u0107 tych pomiot\u00f3w piekielnych nie daje nam spocz\u0105\u0107 i odpowiednio si\u0119 usposobi\u0107 do dalszych dzia\u0142a\u0144. Przygotowali\u015bmy ju\u017c transport, wi\u0119c wi\u0119zie\u0144 eskortowany b\u0119dzie rych\u0142o, zaraz o \u015bwicie dnia nast\u0119pnego, a ten list wys\u0142any b\u0119dzie poprzez go\u0144ca razem z nim. Jako i\u017c eskort\u0119 ustanowi\u0107 musz\u0119, prosz\u0119 Ci\u0119 o dodatkowe wsparcie w postaci oddzia\u0142u doborowych strzelc\u00f3w i tarczownik\u00f3w im towarzysz\u0105cych. Na ten moment, to jest dwudziesty \u00f3smy lipca, roku Najwy\u017cszego 1574, dwudziestego roku panowania mi\u0142o\u015bciwie nam panuj\u0105cego Cesarza Johannesa Grundenwalda, dysponuj\u0119 si\u0142\u0105 osiemdziesi\u0119ciu zbrojnych i strzelc\u00f3w oraz czterdziestu robotnik\u00f3w, za pomoc nam s\u0142u\u017c\u0105cych. Zajad\u0142o\u015b\u0107 tubylc\u00f3w jest wielka, tak\u017ce ka\u017cdy cz\u0142owiek jest na wag\u0119 z\u0142ota. Umacniamy swoje pozycj\u0119, patrolujemy teren i zabezpieczamy przycz\u00f3\u0142ki. Je\u017celi wszystko p\u00f3jdzie zgodnie z planem, to nim nastanie jesie\u0144, powinni\u015bmy znale\u017a\u0107 ich osad\u0119 i do go\u0142ej ziemi spali\u0107 lub w niewol\u0119 posi\u0105\u015b\u0107. Nasz bro\u0144 palna odstrasza te psy nieczyste, jednak nie mamy mo\u017cliwo\u015bci ani wyrabiania amunicji ani przeprowadzenia reparacji. Nie ustajemy jednak w mod\u0142ach i nie popadamy w ob\u0142\u0119d, licz\u0105c na zwyci\u0119stwo i chwa\u0142\u0119 Najwy\u017cszego wylewaj\u0105c\u0105 si\u0119 na te dzikie i nieokie\u0142znane tereny.<br \/>\u00a0 Zatem tak\u017ce i Ty kontent powiniene\u015b pozosta\u0107 i spokojnie patrze\u0107 w niebo, dzi\u0119kuj\u0105c Najwy\u017cszemu za pomoc oraz okazane mi\u0142osierne oblicze! Drogi przyjacielu, niezwykle rad jestem z Twojej ostatniej odpowiedzi i obecno\u015bci zapowiedzianej na koniec przysz\u0142ego miesi\u0105ca, przed kolejn\u0105 pe\u0142ni\u0105. Wyczekiwa\u0107 b\u0119dziemy na oznaki przyjazdu i przygotujemy wieczerz\u0119 odpowiedni\u0105 do stanu naszych zapas\u00f3w i mo\u017cliwo\u015bci. Mo\u017ce i nawet miejscowe specja\u0142y przygotujemy i podarunki z miejscowych materia\u0142\u00f3w wytworzone.<br \/>\u00a0 Wiedzie\u0107 tak\u017ce musisz, i\u017c rozmawia\u0142em dzi\u015b z wielebnym ojcem Agarem i planujemy powzi\u0105\u0107 budow\u0119 pierwszej \u015bwi\u0105tyni na tym terenie, Najwy\u017cszemu po\u015bwi\u0119con\u0105. Mam nadziej\u0119, i\u017c zamys\u0142y uda si\u0119 zrealizowa\u0107, a wraz z tob\u0105 przyb\u0119dzie tak\u017ce s\u0142uga pokory, rang\u0105 odpowiedni, a\u017ceby ko\u015bci\u00f3\u0142 nasz nowy nama\u015bci\u0107 i w opiek\u0119 Najwy\u017cszemu ofiarowa\u0107.<br \/>\u00a0 Czekam na wie\u015bci ze stolicy i zabieram si\u0119 do pracy, chocia\u017c ludzie nasi potrzebuj\u0105 nieco wypocz\u0105\u0107. Klimat tutaj naprawd\u0119 jest srogi i na r\u00f3wni z tubylcami ani na chwil\u0119 wytchn\u0105\u0107 nie daje. Razem z wi\u0119\u017aniem i listem do\u0142\u0105czam tak\u017ce ostrze miecza, tubylczym fachem stworzone, wprost ze ska\u0142 wulkanicznych albo innych kamieni szlachetnych wykute. Takimi oto prymitywnymi narz\u0119dziami na naszych m\u0119\u017c\u00f3w ruszaj\u0105, obrzucaj\u0105c przy okazji kamieniami z proc sk\u00f3rzanych. Oby ich prezencja napawa\u0142a Ci\u0119 dum\u0105 i gablot\u0119 w komnatach przyozdabia\u0142a.<br \/>\u00a0 Niech ochrania nas Cesarz, a b\u0142ogos\u0142awi nam Najwy\u017cszy. Ku chwale imperium!<\/p>","protected":false},"excerpt":{"rendered":"<p>Do mojego przyjaciela Ludwiga von Ludendorff, kapitana Gwardii Cesarskiej. Drogi Przyjacielu, \u00a0 Chwa\u0142a niech b\u0119dzie Najwy\u017cszemu, a tak\u017ce i naszemu [&hellip;]<\/p>\n","protected":false},"author":1,"featured_media":0,"parent":134,"menu_order":2,"comment_status":"open","ping_status":"closed","template":"","meta":{"footnotes":""},"class_list":["post-132","page","type-page","status-publish","hentry"],"_links":{"self":[{"href":"https:\/\/kronikiwedrowca.pl\/index.php\/wp-json\/wp\/v2\/pages\/132","targetHints":{"allow":["GET"]}}],"collection":[{"href":"https:\/\/kronikiwedrowca.pl\/index.php\/wp-json\/wp\/v2\/pages"}],"about":[{"href":"https:\/\/kronikiwedrowca.pl\/index.php\/wp-json\/wp\/v2\/types\/page"}],"author":[{"embeddable":true,"href":"https:\/\/kronikiwedrowca.pl\/index.php\/wp-json\/wp\/v2\/users\/1"}],"replies":[{"embeddable":true,"href":"https:\/\/kronikiwedrowca.pl\/index.php\/wp-json\/wp\/v2\/comments?post=132"}],"version-history":[{"count":1,"href":"https:\/\/kronikiwedrowca.pl\/index.php\/wp-json\/wp\/v2\/pages\/132\/revisions"}],"predecessor-version":[{"id":133,"href":"https:\/\/kronikiwedrowca.pl\/index.php\/wp-json\/wp\/v2\/pages\/132\/revisions\/133"}],"up":[{"embeddable":true,"href":"https:\/\/kronikiwedrowca.pl\/index.php\/wp-json\/wp\/v2\/pages\/134"}],"wp:attachment":[{"href":"https:\/\/kronikiwedrowca.pl\/index.php\/wp-json\/wp\/v2\/media?parent=132"}],"curies":[{"name":"wp","href":"https:\/\/api.w.org\/{rel}","templated":true}]}}