{"id":130,"date":"2025-03-07T10:28:33","date_gmt":"2025-03-07T10:28:33","guid":{"rendered":"https:\/\/kronikiwedrowca.pl\/?page_id=130"},"modified":"2025-03-07T10:31:32","modified_gmt":"2025-03-07T10:31:32","slug":"listy-cz-i","status":"publish","type":"page","link":"https:\/\/kronikiwedrowca.pl\/index.php\/kroniki-nowego-swiata\/listy-cz-i\/","title":{"rendered":"Listy, cz. I"},"content":{"rendered":"\n<h2 class=\"wp-block-heading\"><em>Do mojego przyjaciela Ludwiga von Ludendorff, kapitana Gwardii Cesarskiej.<\/em><\/h2>\n\n\n<p>Serdeczny Przyjacielu,<\/p>\n<p><br \/>\u00a0 Z b\u00f3lem serca i wielk\u0105 przykro\u015bci\u0105 zawiadamiam Ci\u0119, i\u017c nie uda\u0142o mi si\u0119 dope\u0142ni\u0107 przyrzeczonych przeze mnie obietnic. Jak zapewne wiesz, ca\u0142e moje \u017cycie pe\u0142ne jest bohaterskich czyn\u00f3w, niesamowitych przyg\u00f3d, heroicznych uniesie\u0144, po\u015bwi\u0119ce\u0144 wszelakich, ale nade wszystko zwyci\u0119stw osi\u0105gni\u0119tych ci\u0119\u017ck\u0105 prac\u0105 i anga\u017cem moich podw\u0142adnych. Oddzia\u0142 zbrojnych, oddany mi zreszt\u0105 w opiek\u0119 dzi\u0119ki serdeczno\u015bci mi\u0142o\u015bciwie nam panuj\u0105cego Regenta Karla von Bishoff, oraz ja jako ich dow\u00f3dca, szczyci\u0107 mo\u017cemy si\u0119 wieloma sukcesami na froncie i nie mniejsz\u0105 ilo\u015bci\u0105 pokonanych wrog\u00f3w cesarstwa. Postawione jednak przede mn\u0105 ostatnie zadanie, frasowa\u0142o mnie i zaprz\u0105ta\u0142o sumienie od wielu dni i nieprzespanych nocy. Do\u0142o\u017cy\u0142em wielu stara\u0144, aby skutecznie doprowadzi\u0107 do pojmania jednego z tych psubrat\u00f3w i kundli zawszonych, niech ich Najwy\u017cszy pokara i w otch\u0142anie ze\u015ble, jednak nieustannie wisi nade mn\u0105 jakie\u015b fatum lub inny z\u0142y urok. Ka\u017cda pr\u00f3ba ko\u0144czy si\u0119 fiaskiem, a przeciwnik zdaje si\u0119 wyprzedza\u0107 ka\u017cdy nasz krok. Oczywi\u015bcie, zdaj\u0119 sobie spraw\u0119, \u017ce jeste\u015bmy na obcym, przekl\u0119tym terenie, jednak mam wra\u017cenie, \u017ce wszystko idzie nie tak jak i\u015b\u0107 powinno. To ju\u017c drugi tydzie\u0144 odk\u0105d stacjonujemy nieopodal rzeki Krailagen, a ja ju\u017c straci\u0142em trzech wy\u015bmienitych szermierzy. Jeden z nich, dane by\u0142o Ci go pozna\u0107 podczas jednej z ostatnich wieczerzy u lorda Dragonbaffa, Haens Jurgen, niech mu Najwy\u017cszy b\u0142ogos\u0142awi i \u015bwieci nad jego duchem, zgin\u0105\u0142 \u015bmierci\u0105 haniebn\u0105 i niegodn\u0105. Kieruj\u0105c si\u0119 bowiem dobrem pozosta\u0142ych ludzi wycofa\u0142em si\u0119 podczas ostatniej potyczki, a on sam wraz z dw\u00f3jk\u0105 innych wybitnych \u017co\u0142nierzy, os\u0142ania\u0142 nasz odwr\u00f3t. Poprzysi\u0105g\u0142em wtedy odwet i \u015blubowa\u0142em odnalezienie jego zw\u0142ok oraz godny poch\u00f3wek. Musisz bowiem wiedzie\u0107, \u017ce styl walki tych dzikus\u00f3w jest tak bardzo chaotyczny i nieprzewidywalny, \u017ce wygl\u0105daj\u0105 niczym prawdziwe demony z piek\u0142a rodem. Wielce zaskakuj\u0105ce jest r\u00f3wnie\u017c to, \u017ce ka\u017cdy z\u0142apany przez nas jeniec, czarcim sposobem odbiera sobie \u017cycie, ucieka albo jest zabijany przez towarzyszy. Jakby nie chcieli podda\u0107 si\u0119 w nasze \u015bwi\u0119te i czcigodne r\u0119ce. Sam widzisz Ludwigu, i\u017c zadanie to jest niebywale trudne i graniczy z cudem, jednak nie ustajemy w pr\u00f3bach. Ku chwale Cesarstwa i woli Najwy\u017cszego! <br \/>\u00a0 Wierz\u0119, \u017ce rozumiesz i zdajesz sobie jednocze\u015bnie spraw\u0119, i\u017c list ten napisany jest p\u00f3\u017ano i to po nieco d\u0142u\u017cszej przerwie. Wielkim trudem zdaje si\u0119 by\u0107 oddelegowanie jednego z moich ludzi do przes\u0142ania go, jednak nie mog\u0142em d\u0142u\u017cej zwleka\u0107. Przeka\u017c prosz\u0119 Admiralicji i Genera\u0142owi Carlosowi Loftendaug, i\u017c wsparcie \u017co\u0142nierskie jest wi\u0119cej ni\u017c konieczne. Jednocze\u015bnie wskaza\u0107 musimy na kurcz\u0105ce si\u0119 zapasy \u017cywno\u015bci oraz brak si\u0142y roboczej potrzebnej w rozbudowie i modernizacji naszego fortu. Na ten moment nie ryzykujemy zdobywaniu prowiantu poza jego murami.<br \/>\u00a0 Niech ochrania nas Cesarz, a b\u0142ogos\u0142awi nam Najwy\u017cszy. Ku chwale imperium!<\/p>\n<p>&nbsp;<\/p>","protected":false},"excerpt":{"rendered":"<p>Do mojego przyjaciela Ludwiga von Ludendorff, kapitana Gwardii Cesarskiej. Serdeczny Przyjacielu, \u00a0 Z b\u00f3lem serca i wielk\u0105 przykro\u015bci\u0105 zawiadamiam Ci\u0119, [&hellip;]<\/p>\n","protected":false},"author":1,"featured_media":0,"parent":134,"menu_order":1,"comment_status":"open","ping_status":"closed","template":"","meta":{"footnotes":""},"class_list":["post-130","page","type-page","status-publish","hentry"],"_links":{"self":[{"href":"https:\/\/kronikiwedrowca.pl\/index.php\/wp-json\/wp\/v2\/pages\/130","targetHints":{"allow":["GET"]}}],"collection":[{"href":"https:\/\/kronikiwedrowca.pl\/index.php\/wp-json\/wp\/v2\/pages"}],"about":[{"href":"https:\/\/kronikiwedrowca.pl\/index.php\/wp-json\/wp\/v2\/types\/page"}],"author":[{"embeddable":true,"href":"https:\/\/kronikiwedrowca.pl\/index.php\/wp-json\/wp\/v2\/users\/1"}],"replies":[{"embeddable":true,"href":"https:\/\/kronikiwedrowca.pl\/index.php\/wp-json\/wp\/v2\/comments?post=130"}],"version-history":[{"count":1,"href":"https:\/\/kronikiwedrowca.pl\/index.php\/wp-json\/wp\/v2\/pages\/130\/revisions"}],"predecessor-version":[{"id":131,"href":"https:\/\/kronikiwedrowca.pl\/index.php\/wp-json\/wp\/v2\/pages\/130\/revisions\/131"}],"up":[{"embeddable":true,"href":"https:\/\/kronikiwedrowca.pl\/index.php\/wp-json\/wp\/v2\/pages\/134"}],"wp:attachment":[{"href":"https:\/\/kronikiwedrowca.pl\/index.php\/wp-json\/wp\/v2\/media?parent=130"}],"curies":[{"name":"wp","href":"https:\/\/api.w.org\/{rel}","templated":true}]}}